{"id":1406,"date":"2019-03-12T15:27:02","date_gmt":"2019-03-12T14:27:02","guid":{"rendered":"https:\/\/www.closguerin.fr\/sitemap"},"modified":"2019-03-12T15:27:05","modified_gmt":"2019-03-12T14:27:05","slug":"sitemap","status":"publish","type":"page","link":"https:\/\/www.closguerin.fr\/en\/sitemap","title":{"rendered":"Sitemap"},"content":{"rendered":"<section class=\"l-section wpb_row height_medium\"><div class=\"l-section-h i-cf\"><div class=\"g-cols vc_row via_grid cols_1 laptops-cols_inherit tablets-cols_inherit mobiles-cols_1 valign_top type_default stacking_default\"><div class=\"wpb_column vc_column_container\"><div class=\"vc_column-inner\">[vc_custom_heading text=&#8221;Sitemap&#8221; font_container=&#8221;tag:h1|text_align:center&#8221; use_theme_fonts=&#8221;yes&#8221;]<\/div><\/div><\/div><\/div><\/section><section class=\"l-section wpb_row height_medium\"><div class=\"l-section-h i-cf\"><div class=\"g-cols vc_row via_grid cols_custom laptops-cols_inherit tablets-cols_inherit mobiles-cols_1 valign_top type_default stacking_default\" style=\"--custom-columns:3fr 3fr 6fr \"><div class=\"wpb_column vc_column_container\"><div class=\"vc_column-inner\"><div class=\"wpb_text_column\"><div class=\"wpb_wrapper\"><div class=\"wsp-container\"><h2 class=\"wsp-pages-title\">Pages<\/h2>\n<ul class=\"wsp-pages-list\">\n<li class=\"page_item page-item-1396\"><a href=\"https:\/\/www.closguerin.fr\/en\/cart\">Cart<\/a><\/li>\n<li class=\"page_item page-item-1363\"><a href=\"https:\/\/www.closguerin.fr\/en\/cellar\">Cellar<\/a><\/li>\n<li class=\"page_item page-item-1393\"><a href=\"https:\/\/www.closguerin.fr\/en\/checkout\">Checkout<\/a><\/li>\n<li class=\"page_item page-item-1380\"><a href=\"https:\/\/www.closguerin.fr\/en\/contact\">Contact<\/a><\/li>\n<li class=\"page_item page-item-1384\"><a href=\"https:\/\/www.closguerin.fr\/en\">Home<\/a><\/li>\n<li class=\"page_item page-item-1395\"><a href=\"https:\/\/www.closguerin.fr\/en\/my-account\">My Account<\/a><\/li>\n<li class=\"page_item page-item-1406\"><a href=\"https:\/\/www.closguerin.fr\/en\/sitemap\">Sitemap<\/a><\/li>\n<li class=\"page_item page-item-1352\"><a href=\"https:\/\/www.closguerin.fr\/en\/story\">Story<\/a><\/li>\n<li class=\"page_item page-item-1371\"><a href=\"https:\/\/www.closguerin.fr\/en\/terroir\">Terroir<\/a><\/li>\n<li class=\"page_item page-item-1361\"><a href=\"https:\/\/www.closguerin.fr\/en\/vineyard\">Vineyard<\/a><\/li>\n<li class=\"page_item page-item-1582\"><a href=\"https:\/\/www.closguerin.fr\/en\/wines\">Wines<\/a><\/li>\n<\/ul>\n<\/div>\n<\/div><\/div><\/div><\/div><div class=\"wpb_column vc_column_container\"><div class=\"vc_column-inner\"><div class=\"wpb_text_column\"><div class=\"wpb_wrapper\"><div class=\"wsp-container\"><h2 class=\"wsp-products-title\">Products<\/h2>\n<ul class=\"wsp-products-list\">\n<li><a href=\"https:\/\/www.closguerin.fr\/en\/cotes-du-rhone\/mazarin-copie\">Colbert<\/a><\/li>\n<li><a href=\"https:\/\/www.closguerin.fr\/en\/cotes-du-rhone\/clos-guerin-mazarin\">Mazarin<\/a><\/li>\n<li><a href=\"https:\/\/www.closguerin.fr\/en\/cotes-du-rhone\/clos-guerin-richelieu\">Richelieu<\/a><\/li>\n<\/ul>\n<\/div>\n<\/div><\/div><\/div><\/div><div class=\"wpb_column vc_column_container\"><div class=\"vc_column-inner\"><div class=\"wpb_text_column\"><div class=\"wpb_wrapper\"><div class=\"wsp-container\"><\/div>\n<\/div><\/div><\/div><\/div><\/div><\/div><\/section>\n","protected":false},"excerpt":{"rendered":"[vc_custom_heading text=\"Sitemap\" font_container=\"tag:h1|text_align:center\" use_theme_fonts=\"yes\"]Pages Cart Cellar Checkout Contact Home My Account Sitemap Story Terroir Vineyard Wines Products Colbert Mazarin Richelieu","protected":false},"author":2,"featured_media":0,"parent":0,"menu_order":0,"comment_status":"closed","ping_status":"closed","template":"","meta":{"footnotes":""},"class_list":["post-1406","page","type-page","status-publish","hentry"],"yoast_head":"<!-- This site is optimized with the Yoast SEO plugin v25.9 - https:\/\/yoast.com\/wordpress\/plugins\/seo\/ -->\n<title>Sitemap \u2013 Clos Gu\u00e9rin<\/title>\n<meta name=\"description\" content=\"Sitemap of Clos Gu\u00e9rin website\" \/>\n<meta name=\"robots\" content=\"noindex, follow\" \/>\n<meta property=\"og:locale\" content=\"en_US\" \/>\n<meta property=\"og:type\" content=\"article\" \/>\n<meta property=\"og:title\" content=\"Sitemap \u2013 Clos Gu\u00e9rin\" \/>\n<meta property=\"og:description\" content=\"Sitemap of Clos Gu\u00e9rin website\" \/>\n<meta property=\"og:url\" content=\"https:\/\/www.closguerin.fr\/en\/sitemap\" \/>\n<meta property=\"og:site_name\" content=\"Clos Gu\u00e9rin\" \/>\n<meta property=\"article:modified_time\" content=\"2019-03-12T14:27:05+00:00\" \/>\n<meta name=\"twitter:card\" content=\"summary_large_image\" \/>\n<script type=\"application\/ld+json\" class=\"yoast-schema-graph\">{\"@context\":\"https:\/\/schema.org\",\"@graph\":[{\"@type\":\"WebPage\",\"@id\":\"https:\/\/www.closguerin.fr\/en\/sitemap\",\"url\":\"https:\/\/www.closguerin.fr\/en\/sitemap\",\"name\":\"Sitemap \u2013 Clos Gu\u00e9rin\",\"isPartOf\":{\"@id\":\"https:\/\/www.closguerin.fr\/#website\"},\"datePublished\":\"2019-03-12T14:27:02+00:00\",\"dateModified\":\"2019-03-12T14:27:05+00:00\",\"description\":\"Sitemap of Clos Gu\u00e9rin website\",\"breadcrumb\":{\"@id\":\"https:\/\/www.closguerin.fr\/en\/sitemap#breadcrumb\"},\"inLanguage\":\"en-US\",\"potentialAction\":[{\"@type\":\"ReadAction\",\"target\":[\"https:\/\/www.closguerin.fr\/en\/sitemap\"]}]},{\"@type\":\"BreadcrumbList\",\"@id\":\"https:\/\/www.closguerin.fr\/en\/sitemap#breadcrumb\",\"itemListElement\":[{\"@type\":\"ListItem\",\"position\":1,\"name\":\"Home\",\"item\":\"https:\/\/www.closguerin.fr\/en\/home\"},{\"@type\":\"ListItem\",\"position\":2,\"name\":\"Sitemap\"}]},{\"@type\":\"WebSite\",\"@id\":\"https:\/\/www.closguerin.fr\/#website\",\"url\":\"https:\/\/www.closguerin.fr\/\",\"name\":\"Clos Gu\u00e9rin\",\"description\":\"Artisan Vigneron en C\u00f4tes du Rh\u00f4ne Villages\",\"potentialAction\":[{\"@type\":\"SearchAction\",\"target\":{\"@type\":\"EntryPoint\",\"urlTemplate\":\"https:\/\/www.closguerin.fr\/?s={search_term_string}\"},\"query-input\":{\"@type\":\"PropertyValueSpecification\",\"valueRequired\":true,\"valueName\":\"search_term_string\"}}],\"inLanguage\":\"en-US\"}]}<\/script>\n<!-- \/ Yoast SEO plugin. -->","yoast_head_json":{"title":"Sitemap \u2013 Clos Gu\u00e9rin","description":"Sitemap of Clos Gu\u00e9rin website","robots":{"index":"noindex","follow":"follow"},"og_locale":"en_US","og_type":"article","og_title":"Sitemap \u2013 Clos Gu\u00e9rin","og_description":"Sitemap of Clos Gu\u00e9rin website","og_url":"https:\/\/www.closguerin.fr\/en\/sitemap","og_site_name":"Clos Gu\u00e9rin","article_modified_time":"2019-03-12T14:27:05+00:00","twitter_card":"summary_large_image","schema":{"@context":"https:\/\/schema.org","@graph":[{"@type":"WebPage","@id":"https:\/\/www.closguerin.fr\/en\/sitemap","url":"https:\/\/www.closguerin.fr\/en\/sitemap","name":"Sitemap \u2013 Clos Gu\u00e9rin","isPartOf":{"@id":"https:\/\/www.closguerin.fr\/#website"},"datePublished":"2019-03-12T14:27:02+00:00","dateModified":"2019-03-12T14:27:05+00:00","description":"Sitemap of Clos Gu\u00e9rin website","breadcrumb":{"@id":"https:\/\/www.closguerin.fr\/en\/sitemap#breadcrumb"},"inLanguage":"en-US","potentialAction":[{"@type":"ReadAction","target":["https:\/\/www.closguerin.fr\/en\/sitemap"]}]},{"@type":"BreadcrumbList","@id":"https:\/\/www.closguerin.fr\/en\/sitemap#breadcrumb","itemListElement":[{"@type":"ListItem","position":1,"name":"Home","item":"https:\/\/www.closguerin.fr\/en\/home"},{"@type":"ListItem","position":2,"name":"Sitemap"}]},{"@type":"WebSite","@id":"https:\/\/www.closguerin.fr\/#website","url":"https:\/\/www.closguerin.fr\/","name":"Clos Gu\u00e9rin","description":"Artisan Vigneron en C\u00f4tes du Rh\u00f4ne Villages","potentialAction":[{"@type":"SearchAction","target":{"@type":"EntryPoint","urlTemplate":"https:\/\/www.closguerin.fr\/?s={search_term_string}"},"query-input":{"@type":"PropertyValueSpecification","valueRequired":true,"valueName":"search_term_string"}}],"inLanguage":"en-US"}]}},"_links":{"self":[{"href":"https:\/\/www.closguerin.fr\/en\/wp-json\/wp\/v2\/pages\/1406","targetHints":{"allow":["GET"]}}],"collection":[{"href":"https:\/\/www.closguerin.fr\/en\/wp-json\/wp\/v2\/pages"}],"about":[{"href":"https:\/\/www.closguerin.fr\/en\/wp-json\/wp\/v2\/types\/page"}],"author":[{"embeddable":true,"href":"https:\/\/www.closguerin.fr\/en\/wp-json\/wp\/v2\/users\/2"}],"replies":[{"embeddable":true,"href":"https:\/\/www.closguerin.fr\/en\/wp-json\/wp\/v2\/comments?post=1406"}],"version-history":[{"count":1,"href":"https:\/\/www.closguerin.fr\/en\/wp-json\/wp\/v2\/pages\/1406\/revisions"}],"predecessor-version":[{"id":1407,"href":"https:\/\/www.closguerin.fr\/en\/wp-json\/wp\/v2\/pages\/1406\/revisions\/1407"}],"wp:attachment":[{"href":"https:\/\/www.closguerin.fr\/en\/wp-json\/wp\/v2\/media?parent=1406"}],"curies":[{"name":"wp","href":"https:\/\/api.w.org\/{rel}","templated":true}]}}