{"id":1396,"date":"2019-03-12T15:02:54","date_gmt":"2019-03-12T14:02:54","guid":{"rendered":"https:\/\/www.closguerin.fr\/cart"},"modified":"2025-09-14T01:11:44","modified_gmt":"2025-09-13T23:11:44","slug":"cart","status":"publish","type":"page","link":"https:\/\/www.closguerin.fr\/en\/cart","title":{"rendered":"Cart"},"content":{"rendered":"<section class=\"l-section wpb_row height_small\"><div class=\"l-section-h i-cf\"><div class=\"g-cols vc_row via_grid cols_1 laptops-cols_inherit tablets-cols_inherit mobiles-cols_1 valign_top type_default stacking_default\"><div class=\"wpb_column vc_column_container\"><div class=\"vc_column-inner\"><div class=\"g-cols wpb_row us_custom_9f09b773 via_grid cols_1 laptops-cols_inherit tablets-cols_inherit mobiles-cols_1 valign_top type_default stacking_default\" style=\"--columns-gap:3rem;\"><div class=\"wpb_column vc_column_container\"><div class=\"vc_column-inner\"><div class=\"wpb_text_column us_custom_9eea0f64\"><div class=\"wpb_wrapper\"><p class=\"txtcenter colorwht\">Free shipping starting at 6 bottles only!<\/p>\n<\/div><\/div><\/div><\/div><\/div><div class=\"w-separator size_small\"><\/div><\/div><\/div><\/div><\/div><\/section>\n","protected":false},"excerpt":{"rendered":"Free shipping starting at 6 bottles only!","protected":false},"author":2,"featured_media":0,"parent":0,"menu_order":0,"comment_status":"closed","ping_status":"closed","template":"","meta":{"footnotes":""},"class_list":["post-1396","page","type-page","status-publish","hentry"],"yoast_head":"<!-- This site is optimized with the Yoast SEO plugin v25.9 - https:\/\/yoast.com\/wordpress\/plugins\/seo\/ -->\n<title>My Cart \u2013 Clos Gu\u00e9rin<\/title>\n<meta name=\"description\" content=\"Cart page\" \/>\n<meta name=\"robots\" content=\"noindex, nofollow\" \/>\n<meta property=\"og:locale\" content=\"en_US\" \/>\n<meta property=\"og:type\" content=\"article\" \/>\n<meta property=\"og:title\" content=\"My Cart \u2013 Clos Gu\u00e9rin\" \/>\n<meta property=\"og:description\" content=\"Cart page\" \/>\n<meta property=\"og:url\" content=\"https:\/\/www.closguerin.fr\/en\/cart\" \/>\n<meta property=\"og:site_name\" content=\"Clos Gu\u00e9rin\" \/>\n<meta property=\"article:modified_time\" content=\"2025-09-13T23:11:44+00:00\" \/>\n<meta name=\"twitter:card\" content=\"summary_large_image\" \/>\n<script type=\"application\/ld+json\" class=\"yoast-schema-graph\">{\"@context\":\"https:\/\/schema.org\",\"@graph\":[{\"@type\":\"WebPage\",\"@id\":\"https:\/\/www.closguerin.fr\/en\/cart\",\"url\":\"https:\/\/www.closguerin.fr\/en\/cart\",\"name\":\"My Cart \u2013 Clos Gu\u00e9rin\",\"isPartOf\":{\"@id\":\"https:\/\/www.closguerin.fr\/#website\"},\"datePublished\":\"2019-03-12T14:02:54+00:00\",\"dateModified\":\"2025-09-13T23:11:44+00:00\",\"description\":\"Cart page\",\"breadcrumb\":{\"@id\":\"https:\/\/www.closguerin.fr\/en\/cart#breadcrumb\"},\"inLanguage\":\"en-US\",\"potentialAction\":[{\"@type\":\"ReadAction\",\"target\":[\"https:\/\/www.closguerin.fr\/en\/cart\"]}]},{\"@type\":\"BreadcrumbList\",\"@id\":\"https:\/\/www.closguerin.fr\/en\/cart#breadcrumb\",\"itemListElement\":[{\"@type\":\"ListItem\",\"position\":1,\"name\":\"Home\",\"item\":\"https:\/\/www.closguerin.fr\/en\/home\"},{\"@type\":\"ListItem\",\"position\":2,\"name\":\"Cart\"}]},{\"@type\":\"WebSite\",\"@id\":\"https:\/\/www.closguerin.fr\/#website\",\"url\":\"https:\/\/www.closguerin.fr\/\",\"name\":\"Clos Gu\u00e9rin\",\"description\":\"Artisan Vigneron en C\u00f4tes du Rh\u00f4ne Villages\",\"potentialAction\":[{\"@type\":\"SearchAction\",\"target\":{\"@type\":\"EntryPoint\",\"urlTemplate\":\"https:\/\/www.closguerin.fr\/?s={search_term_string}\"},\"query-input\":{\"@type\":\"PropertyValueSpecification\",\"valueRequired\":true,\"valueName\":\"search_term_string\"}}],\"inLanguage\":\"en-US\"}]}<\/script>\n<!-- \/ Yoast SEO plugin. -->","yoast_head_json":{"title":"My Cart \u2013 Clos Gu\u00e9rin","description":"Cart page","robots":{"index":"noindex","follow":"nofollow"},"og_locale":"en_US","og_type":"article","og_title":"My Cart \u2013 Clos Gu\u00e9rin","og_description":"Cart page","og_url":"https:\/\/www.closguerin.fr\/en\/cart","og_site_name":"Clos Gu\u00e9rin","article_modified_time":"2025-09-13T23:11:44+00:00","twitter_card":"summary_large_image","schema":{"@context":"https:\/\/schema.org","@graph":[{"@type":"WebPage","@id":"https:\/\/www.closguerin.fr\/en\/cart","url":"https:\/\/www.closguerin.fr\/en\/cart","name":"My Cart \u2013 Clos Gu\u00e9rin","isPartOf":{"@id":"https:\/\/www.closguerin.fr\/#website"},"datePublished":"2019-03-12T14:02:54+00:00","dateModified":"2025-09-13T23:11:44+00:00","description":"Cart page","breadcrumb":{"@id":"https:\/\/www.closguerin.fr\/en\/cart#breadcrumb"},"inLanguage":"en-US","potentialAction":[{"@type":"ReadAction","target":["https:\/\/www.closguerin.fr\/en\/cart"]}]},{"@type":"BreadcrumbList","@id":"https:\/\/www.closguerin.fr\/en\/cart#breadcrumb","itemListElement":[{"@type":"ListItem","position":1,"name":"Home","item":"https:\/\/www.closguerin.fr\/en\/home"},{"@type":"ListItem","position":2,"name":"Cart"}]},{"@type":"WebSite","@id":"https:\/\/www.closguerin.fr\/#website","url":"https:\/\/www.closguerin.fr\/","name":"Clos Gu\u00e9rin","description":"Artisan Vigneron en C\u00f4tes du Rh\u00f4ne Villages","potentialAction":[{"@type":"SearchAction","target":{"@type":"EntryPoint","urlTemplate":"https:\/\/www.closguerin.fr\/?s={search_term_string}"},"query-input":{"@type":"PropertyValueSpecification","valueRequired":true,"valueName":"search_term_string"}}],"inLanguage":"en-US"}]}},"_links":{"self":[{"href":"https:\/\/www.closguerin.fr\/en\/wp-json\/wp\/v2\/pages\/1396","targetHints":{"allow":["GET"]}}],"collection":[{"href":"https:\/\/www.closguerin.fr\/en\/wp-json\/wp\/v2\/pages"}],"about":[{"href":"https:\/\/www.closguerin.fr\/en\/wp-json\/wp\/v2\/types\/page"}],"author":[{"embeddable":true,"href":"https:\/\/www.closguerin.fr\/en\/wp-json\/wp\/v2\/users\/2"}],"replies":[{"embeddable":true,"href":"https:\/\/www.closguerin.fr\/en\/wp-json\/wp\/v2\/comments?post=1396"}],"version-history":[{"count":14,"href":"https:\/\/www.closguerin.fr\/en\/wp-json\/wp\/v2\/pages\/1396\/revisions"}],"predecessor-version":[{"id":2040,"href":"https:\/\/www.closguerin.fr\/en\/wp-json\/wp\/v2\/pages\/1396\/revisions\/2040"}],"wp:attachment":[{"href":"https:\/\/www.closguerin.fr\/en\/wp-json\/wp\/v2\/media?parent=1396"}],"curies":[{"name":"wp","href":"https:\/\/api.w.org\/{rel}","templated":true}]}}