{"id":1380,"date":"2019-03-12T14:40:14","date_gmt":"2019-03-12T13:40:14","guid":{"rendered":"https:\/\/www.closguerin.fr\/contact"},"modified":"2025-09-14T20:21:05","modified_gmt":"2025-09-14T18:21:05","slug":"contact","status":"publish","type":"page","link":"https:\/\/www.closguerin.fr\/en\/contact","title":{"rendered":"Contact"},"content":{"rendered":"<section class=\"l-section wpb_row height_medium\"><div class=\"l-section-h i-cf\"><div class=\"g-cols vc_row via_grid cols_1 laptops-cols_inherit tablets-cols_inherit mobiles-cols_1 valign_top type_default stacking_default\"><div class=\"wpb_column vc_column_container\"><div class=\"vc_column-inner\">[vc_custom_heading text=&#8221;Write to us&#8221; font_container=&#8221;tag:h1|text_align:center&#8221; use_theme_fonts=&#8221;yes&#8221;]<\/div><\/div><\/div><\/div><\/section><section class=\"l-section wpb_row us_custom_3104c179 height_auto width_full\"><div class=\"l-section-h i-cf\"><div class=\"g-cols vc_row via_grid cols_1-2-1 laptops-cols_inherit tablets-cols_inherit mobiles-cols_1 valign_middle type_default stacking_default\"><div class=\"wpb_column vc_column_container\"><div class=\"vc_column-inner\"><\/div><\/div><div class=\"wpb_column vc_column_container\"><div class=\"vc_column-inner\"><div class=\"wpb_text_column\"><div class=\"wpb_wrapper\"><div id=\"quform-7ea949\" class=\"quform quform-2 quform-theme-underlined quform-support-page-caching\"><form id=\"quform-form-7ea949\" class=\"quform-form quform-form-2\" action=\"\/en\/wp-json\/wp\/v2\/pages\/1380#quform-7ea949\" method=\"post\" enctype=\"multipart\/form-data\" novalidate=\"novalidate\" data-options=\"{&quot;id&quot;:2,&quot;uniqueId&quot;:&quot;7ea949&quot;,&quot;theme&quot;:&quot;underlined&quot;,&quot;ajax&quot;:true,&quot;logic&quot;:{&quot;logic&quot;:{&quot;14&quot;:{&quot;action&quot;:true,&quot;match&quot;:&quot;all&quot;,&quot;rules&quot;:[{&quot;elementId&quot;:&quot;15&quot;,&quot;operator&quot;:&quot;eq&quot;,&quot;optionId&quot;:&quot;1&quot;,&quot;value&quot;:&quot;Professional&quot;}]},&quot;19&quot;:{&quot;action&quot;:true,&quot;match&quot;:&quot;all&quot;,&quot;rules&quot;:[{&quot;elementId&quot;:&quot;15&quot;,&quot;operator&quot;:&quot;eq&quot;,&quot;optionId&quot;:&quot;1&quot;,&quot;value&quot;:&quot;Professional&quot;}]}},&quot;dependents&quot;:{&quot;15&quot;:[14,19]},&quot;elementIds&quot;:[14,19],&quot;dependentElementIds&quot;:[&quot;15&quot;],&quot;animate&quot;:true},&quot;currentPageId&quot;:1,&quot;errorsIcon&quot;:&quot;&quot;,&quot;updateFancybox&quot;:true,&quot;hasPages&quot;:false,&quot;pages&quot;:[1],&quot;pageProgressType&quot;:&quot;numbers&quot;,&quot;tooltipsEnabled&quot;:true,&quot;tooltipClasses&quot;:&quot;qtip-quform-dark qtip-shadow&quot;,&quot;tooltipMy&quot;:&quot;left center&quot;,&quot;tooltipAt&quot;:&quot;right center&quot;,&quot;isRtl&quot;:false,&quot;scrollOffset&quot;:-50,&quot;scrollSpeed&quot;:800}\"><button class=\"quform-default-submit\" name=\"quform_submit\" type=\"submit\" value=\"submit\" aria-hidden=\"true\" tabindex=\"-1\"><\/button><div class=\"quform-form-inner quform-form-inner-2\"><input type=\"hidden\" name=\"quform_form_id\" value=\"2\" \/><input type=\"hidden\" name=\"quform_form_uid\" value=\"7ea949\" \/><input type=\"hidden\" name=\"quform_count\" value=\"1\" \/><input type=\"hidden\" name=\"form_url\" value=\"https:\/\/www.closguerin.fr\/en\/wp-json\/wp\/v2\/pages\/1380\" \/><input type=\"hidden\" name=\"referring_url\" value=\"\" \/><input type=\"hidden\" name=\"post_id\" value=\"\" \/><input type=\"hidden\" name=\"post_title\" value=\"\" \/><input type=\"hidden\" name=\"quform_current_page_id\" value=\"1\" \/><input type=\"hidden\" name=\"quform_csrf_token\" value=\"A6sFQi7kreWcvGXgT4nyvwoLRpCXf4IZmMqQJ12h\" \/><div class=\"quform-elements quform-elements-2 quform-cf quform-responsive-elements-phone-landscape\"><div class=\"quform-element quform-element-page quform-page-1 quform-page-2_1 quform-cf quform-group-style-plain quform-first-page quform-last-page quform-current-page\"><div class=\"quform-child-elements\"><div class=\"quform-element quform-element-radio quform-element-2_15 quform-cf quform-element-required\"><div class=\"quform-spacer\"><div class=\"quform-label quform-label-2_15\"><label class=\"quform-label-text\" id=\"quform_2_15_7ea949_label\">I am a<span class=\"quform-required\">*<\/span><\/label><\/div><div class=\"quform-inner quform-inner-radio quform-inner-2_15\"><div class=\"quform-input quform-input-radio quform-input-2_15 quform-cf\"><div class=\"quform-options quform-cf quform-options-inline quform-options-simple\" role=\"radiogroup\" aria-labelledby=\"quform_2_15_7ea949_label\"><div class=\"quform-option\"><input type=\"radio\" name=\"quform_2_15\" id=\"quform_2_15_7ea949_1\" class=\"quform-field quform-field-radio quform-field-2_15 quform-field-2_15_1\" value=\"Professional\" \/><label for=\"quform_2_15_7ea949_1\" class=\"quform-option-label quform-option-label-2_15_1\"><span class=\"quform-option-text\">Professional<\/span><\/label><\/div><div class=\"quform-option\"><input type=\"radio\" name=\"quform_2_15\" id=\"quform_2_15_7ea949_2\" class=\"quform-field quform-field-radio quform-field-2_15 quform-field-2_15_2\" value=\"Individual\" \/><label for=\"quform_2_15_7ea949_2\" class=\"quform-option-label quform-option-label-2_15_2\"><span class=\"quform-option-text\">Individual<\/span><\/label><\/div><\/div><\/div><\/div><\/div><\/div><div class=\"quform-element quform-element-row quform-element-row-2_16 quform-2-columns quform-element-row-size-fixed quform-responsive-columns-phone-landscape\"><div class=\"quform-element quform-element-column quform-element-2_17\"><div class=\"quform-element quform-element-text quform-element-2_14 quform-cf quform-labels-inside quform-element-required\"><div class=\"quform-spacer\"><div class=\"quform-label quform-label-2_14\"><label class=\"quform-label-text\" for=\"quform_2_14_7ea949\">Company<span class=\"quform-required\">*<\/span><\/label><\/div><div class=\"quform-inner quform-inner-text quform-inner-2_14\"><div class=\"quform-input quform-input-text quform-input-2_14 quform-cf quform-has-field-icon-left\"><input type=\"text\" id=\"quform_2_14_7ea949\" name=\"quform_2_14\" class=\"quform-field quform-field-text quform-field-2_14\" \/><span class=\"quform-field-icon quform-field-icon-left\"><i class=\"fa fa-briefcase\"><\/i><\/span><\/div><\/div><\/div><\/div><\/div><div class=\"quform-element quform-element-column quform-element-2_18\"><div class=\"quform-element quform-element-select quform-element-2_19 quform-cf quform-labels-left quform-element-required\"><div class=\"quform-spacer\"><div class=\"quform-label quform-label-2_19\"><label class=\"quform-label-text\" for=\"quform_2_19_7ea949\">Business<span class=\"quform-required\">*<\/span><\/label><\/div><div class=\"quform-inner quform-inner-select quform-inner-2_19\"><div class=\"quform-input quform-input-select quform-input-2_19 quform-cf\"><select id=\"quform_2_19_7ea949\" name=\"quform_2_19\" class=\"quform-field quform-field-select quform-field-2_19\"><option value=\"\" selected=\"selected\">Please select<\/option><option value=\"Wine store\">Wine store<\/option><option value=\"Restaurant\">Restaurant<\/option><option value=\"Importer\">Importer<\/option><option value=\"Distributor\">Distributor<\/option><option value=\"Press\">Press<\/option><option value=\"Winemaker\">Winemaker<\/option><option value=\"Supplier\">Supplier<\/option><option value=\"Other\">Other<\/option><\/select><\/div><\/div><\/div><\/div><\/div><\/div><div class=\"quform-element quform-element-row quform-element-row-2_4 quform-2-columns quform-element-row-size-fixed quform-responsive-columns-phone-landscape\"><div class=\"quform-element quform-element-column quform-element-2_5\"><div class=\"quform-element quform-element-text quform-element-2_7 quform-cf quform-labels-inside quform-element-required\"><div class=\"quform-spacer\"><div class=\"quform-label quform-label-2_7\"><label class=\"quform-label-text\" for=\"quform_2_7_7ea949\">First Name<span class=\"quform-required\">*<\/span><\/label><\/div><div class=\"quform-inner quform-inner-text quform-inner-2_7\"><div class=\"quform-input quform-input-text quform-input-2_7 quform-cf quform-has-field-icon-left\"><input type=\"text\" id=\"quform_2_7_7ea949\" name=\"quform_2_7\" class=\"quform-field quform-field-text quform-field-2_7\" \/><span class=\"quform-field-icon quform-field-icon-left\"><i class=\"fa fa-user\"><\/i><\/span><\/div><\/div><\/div><\/div><div class=\"quform-element quform-element-text quform-element-2_8 quform-cf quform-labels-inside quform-element-required\"><div class=\"quform-spacer\"><div class=\"quform-label quform-label-2_8\"><label class=\"quform-label-text\" for=\"quform_2_8_7ea949\">Last Name<span class=\"quform-required\">*<\/span><\/label><\/div><div class=\"quform-inner quform-inner-text quform-inner-2_8\"><div class=\"quform-input quform-input-text quform-input-2_8 quform-cf quform-has-field-icon-left\"><input type=\"text\" id=\"quform_2_8_7ea949\" name=\"quform_2_8\" class=\"quform-field quform-field-text quform-field-2_8\" \/><span class=\"quform-field-icon quform-field-icon-left\"><i class=\"fa fa-user\"><\/i><\/span><\/div><\/div><\/div><\/div><\/div><div class=\"quform-element quform-element-column quform-element-2_6\"><div class=\"quform-element quform-element-email quform-element-2_10 quform-cf quform-labels-inside quform-element-required\"><div class=\"quform-spacer\"><div class=\"quform-label quform-label-2_10\"><label class=\"quform-label-text\" for=\"quform_2_10_7ea949\">E-mail address<span class=\"quform-required\">*<\/span><\/label><\/div><div class=\"quform-inner quform-inner-email quform-inner-2_10\"><div class=\"quform-input quform-input-email quform-input-2_10 quform-cf quform-has-field-icon-left\"><input type=\"email\" id=\"quform_2_10_7ea949\" name=\"quform_2_10\" class=\"quform-field quform-field-email quform-field-2_10\" \/><span class=\"quform-field-icon quform-field-icon-left\"><i class=\"fa fa-envelope\"><\/i><\/span><\/div><\/div><\/div><\/div><div class=\"quform-element quform-element-text quform-element-2_9 quform-cf quform-labels-inside quform-element-required\"><div class=\"quform-spacer\"><div class=\"quform-label quform-label-2_9\"><label class=\"quform-label-text\" for=\"quform_2_9_7ea949\">Phone<span class=\"quform-required\">*<\/span><\/label><\/div><div class=\"quform-inner quform-inner-text quform-inner-2_9\"><div class=\"quform-input quform-input-text quform-input-2_9 quform-cf quform-has-field-icon-left\"><input type=\"text\" id=\"quform_2_9_7ea949\" name=\"quform_2_9\" class=\"quform-field quform-field-text quform-field-2_9\" \/><span class=\"quform-field-icon quform-field-icon-left\"><i class=\"fa fa-phone\"><\/i><\/span><\/div><\/div><\/div><\/div><\/div><\/div><div class=\"quform-element quform-element-textarea quform-element-2_11 quform-cf quform-labels-inside quform-element-required\"><div class=\"quform-spacer\"><div class=\"quform-label quform-label-2_11\"><label class=\"quform-label-text\" for=\"quform_2_11_7ea949\">Your message<span class=\"quform-required\">*<\/span><\/label><\/div><div class=\"quform-inner quform-inner-textarea quform-inner-2_11\"><div class=\"quform-input quform-input-textarea quform-input-2_11 quform-cf quform-has-field-icon-left\"><textarea id=\"quform_2_11_7ea949\" name=\"quform_2_11\" class=\"quform-field quform-field-textarea quform-field-2_11\"><\/textarea><span class=\"quform-field-icon quform-field-icon-left\"><i class=\"fa fa-pencil\"><\/i><\/span><\/div><\/div><\/div><\/div><div class=\"quform-element quform-element-recaptcha quform-element-2_12 quform-cf quform-element-required\"><div class=\"quform-spacer\"><div class=\"quform-inner quform-inner-recaptcha quform-inner-2_12\"><div class=\"quform-input quform-input-recaptcha quform-input-2_12 quform-cf\"><div class=\"quform-recaptcha\" data-config=\"{&quot;sitekey&quot;:&quot;6Lesf28UAAAAAG4Fa2aEIHJuv559_Op3CxYCENQs&quot;,&quot;_version&quot;:&quot;v2&quot;,&quot;size&quot;:&quot;normal&quot;,&quot;type&quot;:&quot;image&quot;,&quot;theme&quot;:&quot;light&quot;,&quot;badge&quot;:&quot;bottomright&quot;}\"><\/div><noscript><div><div style=\"width: 302px; height: 422px; position: relative;\"><div style=\"width: 302px; height: 422px; position: absolute;\"><iframe src=\"https:\/\/www.google.com\/recaptcha\/api\/fallback?k=6Lesf28UAAAAAG4Fa2aEIHJuv559_Op3CxYCENQs\" frameborder=\"0\" scrolling=\"no\" style=\"width: 302px; height:422px; border-style: none;\"><\/iframe><\/div><\/div><div style=\"width: 300px; height: 60px; border-style: none; bottom: 12px; left: 25px; margin: 0px; padding: 0px; right: 25px; background: #f9f9f9; border: 1px solid #c1c1c1; border-radius: 3px;\"><textarea name=\"g-recaptcha-response\" class=\"g-recaptcha-response\" style=\"width: 250px; height: 40px; border: 1px solid #c1c1c1; margin: 10px 25px; padding: 0px; resize: none;\" aria-hidden=\"true\"><\/textarea><\/div><\/div><\/noscript><\/div><\/div><\/div><\/div><div class=\"quform-element quform-element-submit quform-element-2_2 quform-cf quform-button-style-classic quform-button-size-fat quform-button-width-full\"><div class=\"quform-button-submit quform-button-submit-default quform-button-submit-2_2 quform-button-icon-right\"><button name=\"quform_submit\" type=\"submit\" class=\"quform-submit\" value=\"submit\"><span class=\"quform-button-text quform-button-submit-text\">Send<\/span><span class=\"quform-button-icon quform-button-submit-icon\"><i class=\"qicon-paper-plane\"><\/i><\/span><\/button><\/div><\/div><div class=\"quform-element-tree\"><label for=\"quform_2_0_7ea949\">This field should be left blank<\/label><input type=\"text\" id=\"quform_2_0_7ea949\" name=\"quform_2_0\" class=\"quform-field quform-field-tree quform-field-2_0\" tabindex=\"-1\" autocomplete=\"off\" \/><\/div><\/div><\/div><\/div><\/div><\/form><\/div>\n<\/div><\/div><\/div><\/div><div class=\"wpb_column vc_column_container\"><div class=\"vc_column-inner\"><div class=\"ult-animation  ult-animate-viewport  ult-no-mobile \" data-animate=\"fadeInDown\" data-animation-delay=\"0\" data-animation-duration=\"3\" data-animation-iteration=\"100\" style=\"opacity:0;\" data-opacity_start_effect=\"\"><div class=\"w-iconbox iconpos_top style_default color_secondary align_center no_text no_title\"><div class=\"w-iconbox-icon\" style=\"font-size:40px;\"><i class=\"fal fa-chevron-down\"><\/i><\/div><div class=\"w-iconbox-meta\"><\/div><\/div><\/div><\/div><\/div><\/div><\/div><\/section><section class=\"l-section wpb_row height_medium color_alternate\"><div class=\"l-section-h i-cf\"><div class=\"g-cols vc_row via_grid cols_1 laptops-cols_inherit tablets-cols_inherit mobiles-cols_1 valign_top type_default stacking_default\"><div class=\"wpb_column vc_column_container\"><div class=\"vc_column-inner\">[vc_custom_heading text=&#8221;Find us&#8221; font_container=&#8221;tag:h1|text_align:center&#8221; use_theme_fonts=&#8221;yes&#8221;]<\/div><\/div><\/div><\/div><\/section><section class=\"l-section wpb_row us_custom_63cb8270 height_auto width_full color_alternate\"><div class=\"l-section-h i-cf\"><div class=\"g-cols vc_row via_grid cols_2 laptops-cols_inherit tablets-cols_inherit mobiles-cols_1 valign_middle type_default stacking_default\" style=\"--columns-gap:5rem;\"><div class=\"wpb_column vc_column_container us_custom_661665cb\"><div class=\"vc_column-inner\"><div class=\"wpb_text_column\"><div class=\"wpb_wrapper\"><p><iframe loading=\"lazy\" style=\"border: 0;\" src=\"https:\/\/www.google.com\/maps\/embed?pb=!1m14!1m8!1m3!1d11502.073015678185!2d4.6054932!3d43.886532!3m2!1i1024!2i768!4f13.1!3m3!1m2!1s0x0%3A0x17135f8059fcb5bb!2sClos+Gu%C3%A9rin!5e0!3m2!1sfr!2sfr!4v1537430588130\" width=\"100%\" height=\"500\" frameborder=\"0\" allowfullscreen=\"allowfullscreen\"><\/iframe><\/p>\n<\/div><\/div><\/div><\/div><div class=\"wpb_column vc_column_container\"><div class=\"vc_column-inner\"><div class=\"g-cols wpb_row via_grid cols_2 laptops-cols_inherit tablets-cols_inherit mobiles-cols_1 valign_top type_default stacking_default\" style=\"--columns-gap:3rem;\"><div class=\"wpb_column vc_column_container\"><div class=\"vc_column-inner\"><div class=\"wpb_text_column\"><div class=\"wpb_wrapper\"><\/p>\n<p class=\"txtleft\"><strong>By car<\/strong><br \/>\nHighway A9, exit 23 \u201cRemoulins\u201d. At the roundabout take the 4<sup>th<\/sup> exit onto D192 heading to Montfrin.<\/p>\n<\/p>\n<p style=\"text-align: left;\"><strong>By train<\/strong><br \/>\n\u201cAvignon-TGV\u201d station (2:30 from Paris)<br \/>\n&rarr; <em>25 min drive<\/em><br \/>\n\u201cN\u00eemes\u201d station<br \/>\n&rarr; <em>30 min drive<\/em><\/p><\/p>\n<\/div><\/div><\/div><\/div><div class=\"wpb_column vc_column_container\"><div class=\"vc_column-inner\"><div class=\"wpb_text_column\"><div class=\"wpb_wrapper\"><\/p>\n<p style=\"text-align: left;\"><strong>By airplane<\/strong><br \/>\n\u201cMontpellier-M\u00e9diterran\u00e9e\u201d airport<br \/>\n&rarr; <em>50 min drive<\/em><br \/>\n\u201cMarseilles-Provence\u201d airport<br \/>\n&rarr; <em>70 min drive<\/em><\/p>\n<\/p>\n<p style=\"text-align: left;\"><strong>On foot<\/strong><br \/>\nOn the GR42 path, locality \u201cLa Garrigue\u201d, north-east of \u201cMontfrin\u201d village.<\/p><\/p>\n<\/div><\/div><\/div><\/div><\/div><div class=\"w-separator size_medium with_line width_default thick_1 style_solid color_border align_center\"><div class=\"w-separator-h\"><\/div><\/div><div class=\"wpb_text_column\"><div class=\"wpb_wrapper\"><\/p>\n<p class=\"txtcenter\"><strong>GPS coordinates:<\/strong>\u00a0Latitude\u00a043\u00b053&#8217;11.5&#8243;N \/ Longitude\u00a0: 4\u00b036&#8217;19.8&#8243;E<\/p><\/p>\n<\/div><\/div><\/div><\/div><\/div><\/div><\/section>\n","protected":false},"excerpt":{"rendered":"[vc_custom_heading text=\"Write to us\" font_container=\"tag:h1|text_align:center\" use_theme_fonts=\"yes\"]I am a*ProfessionalIndividualCompany*Business*Please selectWine storeRestaurantImporterDistributorPressWinemakerSupplierOtherFirst Name*Last Name*E-mail address*Phone*Your message*SendThis field should be left blank [vc_custom_heading text=\"Find us\" font_container=\"tag:h1|text_align:center\" use_theme_fonts=\"yes\"] By car Highway A9, exit 23 \u201cRemoulins\u201d. At the roundabout take the 4th exit onto D192 heading to Montfrin. By train \u201cAvignon-TGV\u201d station (2:30 from Paris) &rarr; 25 min drive \u201cN\u00eemes\u201d...","protected":false},"author":2,"featured_media":0,"parent":0,"menu_order":0,"comment_status":"closed","ping_status":"closed","template":"","meta":{"footnotes":""},"class_list":["post-1380","page","type-page","status-publish","hentry"],"yoast_head":"<!-- This site is optimized with the Yoast SEO plugin v25.9 - https:\/\/yoast.com\/wordpress\/plugins\/seo\/ -->\n<title>Contact and location \u2013 Clos Gu\u00e9rin<\/title>\n<meta name=\"description\" content=\"For all inquiries, please contact us.\" \/>\n<meta name=\"robots\" content=\"index, follow, max-snippet:-1, max-image-preview:large, max-video-preview:-1\" \/>\n<link rel=\"canonical\" href=\"https:\/\/www.closguerin.fr\/en\/contact\" \/>\n<meta property=\"og:locale\" content=\"en_US\" \/>\n<meta property=\"og:type\" content=\"article\" \/>\n<meta property=\"og:title\" content=\"Contact and location \u2013 Clos Gu\u00e9rin\" \/>\n<meta property=\"og:description\" content=\"For all inquiries, please contact us.\" \/>\n<meta property=\"og:url\" content=\"https:\/\/www.closguerin.fr\/en\/contact\" \/>\n<meta property=\"og:site_name\" content=\"Clos Gu\u00e9rin\" \/>\n<meta property=\"article:modified_time\" content=\"2025-09-14T18:21:05+00:00\" \/>\n<meta name=\"twitter:card\" content=\"summary_large_image\" \/>\n<meta name=\"twitter:label1\" content=\"Est. reading time\" \/>\n\t<meta name=\"twitter:data1\" content=\"2 minutes\" \/>\n<script type=\"application\/ld+json\" class=\"yoast-schema-graph\">{\"@context\":\"https:\/\/schema.org\",\"@graph\":[{\"@type\":\"WebPage\",\"@id\":\"https:\/\/www.closguerin.fr\/en\/contact\",\"url\":\"https:\/\/www.closguerin.fr\/en\/contact\",\"name\":\"Contact and location \u2013 Clos Gu\u00e9rin\",\"isPartOf\":{\"@id\":\"https:\/\/www.closguerin.fr\/#website\"},\"datePublished\":\"2019-03-12T13:40:14+00:00\",\"dateModified\":\"2025-09-14T18:21:05+00:00\",\"description\":\"For all inquiries, please contact us.\",\"breadcrumb\":{\"@id\":\"https:\/\/www.closguerin.fr\/en\/contact#breadcrumb\"},\"inLanguage\":\"en-US\",\"potentialAction\":[{\"@type\":\"ReadAction\",\"target\":[\"https:\/\/www.closguerin.fr\/en\/contact\"]}]},{\"@type\":\"BreadcrumbList\",\"@id\":\"https:\/\/www.closguerin.fr\/en\/contact#breadcrumb\",\"itemListElement\":[{\"@type\":\"ListItem\",\"position\":1,\"name\":\"Home\",\"item\":\"https:\/\/www.closguerin.fr\/en\/home\"},{\"@type\":\"ListItem\",\"position\":2,\"name\":\"Contact\"}]},{\"@type\":\"WebSite\",\"@id\":\"https:\/\/www.closguerin.fr\/#website\",\"url\":\"https:\/\/www.closguerin.fr\/\",\"name\":\"Clos Gu\u00e9rin\",\"description\":\"Artisan Vigneron en C\u00f4tes du Rh\u00f4ne Villages\",\"potentialAction\":[{\"@type\":\"SearchAction\",\"target\":{\"@type\":\"EntryPoint\",\"urlTemplate\":\"https:\/\/www.closguerin.fr\/?s={search_term_string}\"},\"query-input\":{\"@type\":\"PropertyValueSpecification\",\"valueRequired\":true,\"valueName\":\"search_term_string\"}}],\"inLanguage\":\"en-US\"}]}<\/script>\n<!-- \/ Yoast SEO plugin. -->","yoast_head_json":{"title":"Contact and location \u2013 Clos Gu\u00e9rin","description":"For all inquiries, please contact us.","robots":{"index":"index","follow":"follow","max-snippet":"max-snippet:-1","max-image-preview":"max-image-preview:large","max-video-preview":"max-video-preview:-1"},"canonical":"https:\/\/www.closguerin.fr\/en\/contact","og_locale":"en_US","og_type":"article","og_title":"Contact and location \u2013 Clos Gu\u00e9rin","og_description":"For all inquiries, please contact us.","og_url":"https:\/\/www.closguerin.fr\/en\/contact","og_site_name":"Clos Gu\u00e9rin","article_modified_time":"2025-09-14T18:21:05+00:00","twitter_card":"summary_large_image","twitter_misc":{"Est. reading time":"2 minutes"},"schema":{"@context":"https:\/\/schema.org","@graph":[{"@type":"WebPage","@id":"https:\/\/www.closguerin.fr\/en\/contact","url":"https:\/\/www.closguerin.fr\/en\/contact","name":"Contact and location \u2013 Clos Gu\u00e9rin","isPartOf":{"@id":"https:\/\/www.closguerin.fr\/#website"},"datePublished":"2019-03-12T13:40:14+00:00","dateModified":"2025-09-14T18:21:05+00:00","description":"For all inquiries, please contact us.","breadcrumb":{"@id":"https:\/\/www.closguerin.fr\/en\/contact#breadcrumb"},"inLanguage":"en-US","potentialAction":[{"@type":"ReadAction","target":["https:\/\/www.closguerin.fr\/en\/contact"]}]},{"@type":"BreadcrumbList","@id":"https:\/\/www.closguerin.fr\/en\/contact#breadcrumb","itemListElement":[{"@type":"ListItem","position":1,"name":"Home","item":"https:\/\/www.closguerin.fr\/en\/home"},{"@type":"ListItem","position":2,"name":"Contact"}]},{"@type":"WebSite","@id":"https:\/\/www.closguerin.fr\/#website","url":"https:\/\/www.closguerin.fr\/","name":"Clos Gu\u00e9rin","description":"Artisan Vigneron en C\u00f4tes du Rh\u00f4ne Villages","potentialAction":[{"@type":"SearchAction","target":{"@type":"EntryPoint","urlTemplate":"https:\/\/www.closguerin.fr\/?s={search_term_string}"},"query-input":{"@type":"PropertyValueSpecification","valueRequired":true,"valueName":"search_term_string"}}],"inLanguage":"en-US"}]}},"_links":{"self":[{"href":"https:\/\/www.closguerin.fr\/en\/wp-json\/wp\/v2\/pages\/1380","targetHints":{"allow":["GET"]}}],"collection":[{"href":"https:\/\/www.closguerin.fr\/en\/wp-json\/wp\/v2\/pages"}],"about":[{"href":"https:\/\/www.closguerin.fr\/en\/wp-json\/wp\/v2\/types\/page"}],"author":[{"embeddable":true,"href":"https:\/\/www.closguerin.fr\/en\/wp-json\/wp\/v2\/users\/2"}],"replies":[{"embeddable":true,"href":"https:\/\/www.closguerin.fr\/en\/wp-json\/wp\/v2\/comments?post=1380"}],"version-history":[{"count":30,"href":"https:\/\/www.closguerin.fr\/en\/wp-json\/wp\/v2\/pages\/1380\/revisions"}],"predecessor-version":[{"id":2120,"href":"https:\/\/www.closguerin.fr\/en\/wp-json\/wp\/v2\/pages\/1380\/revisions\/2120"}],"wp:attachment":[{"href":"https:\/\/www.closguerin.fr\/en\/wp-json\/wp\/v2\/media?parent=1380"}],"curies":[{"name":"wp","href":"https:\/\/api.w.org\/{rel}","templated":true}]}}