{"id":1363,"date":"2019-03-12T10:28:24","date_gmt":"2019-03-12T09:28:24","guid":{"rendered":"https:\/\/www.closguerin.fr\/cellar"},"modified":"2025-09-14T20:02:59","modified_gmt":"2025-09-14T18:02:59","slug":"cellar","status":"publish","type":"page","link":"https:\/\/www.closguerin.fr\/en\/cellar","title":{"rendered":"Cellar"},"content":{"rendered":"<section class=\"l-section wpb_row us_custom_af8c650b height_small width_full\"><div class=\"l-section-h i-cf\"><div class=\"g-cols vc_row via_grid cols_1 laptops-cols_inherit tablets-cols_inherit mobiles-cols_1 valign_middle type_default stacking_default\"><div class=\"wpb_column vc_column_container\"><div class=\"vc_column-inner\"><div class=\"g-cols wpb_row us_custom_a1b3ed74 via_grid cols_2 laptops-cols_inherit tablets-cols_inherit mobiles-cols_1 valign_middle type_default stacking_default\" style=\"--columns-gap:4rem;\"><div class=\"wpb_column vc_column_container\"><div class=\"vc_column-inner\">[vc_custom_heading text=&#8221;In the cellar, technology embraces&nbsp;tradition&#8221; font_container=&#8221;tag:h1|text_align:left&#8221; use_theme_fonts=&#8221;yes&#8221;]<div class=\"wpb_text_column\"><div class=\"wpb_wrapper\"><\/p>\n<hr class=\"titleline\" \/>\n<\/div><\/div><\/div><\/div><div class=\"wpb_column vc_column_container\"><div class=\"vc_column-inner\"><div class=\"wpb_text_column\"><div class=\"wpb_wrapper\"><\/p>\n<p class=\"txtjustify\">The cellar walls are made of concrete, enclosing a thick layer of stone wool. The same outstanding natural, insulating material is used in \u201crafter sandwich roof panels\u201d supporting the Roman tiles. The tubular framework is inspired by the Polonceau model, widely used in the XIX<sup>th<\/sup> century for the building of railway stations.<\/p><\/p>\n<\/div><\/div><div class=\"cl-review type_quote layout_modern testimon\"><div class=\"cl-review-quote\"><div class=\"cl-review-quote-text\"><div class=\"cl-review-icon\"><\/div><q>First-rate insulation and strong thermal inertia. The dream cellar.<\/q><\/div><div class=\"cl-review-author\"><span class=\"cl-review-author-name\">Olivier Rampon<\/span><span class=\"cl-review-author-occupation\">Winery Architect<\/span><\/div><\/div><\/div><\/div><\/div><\/div><div class=\"ult-animation  ult-no-mobile \" data-animate=\"fadeInDown\" data-animation-delay=\"0\" data-animation-duration=\"3\" data-animation-iteration=\"100\" style=\"\" ><div class=\"w-iconbox iconpos_top style_default color_secondary align_center no_text no_title\"><div class=\"w-iconbox-icon\" style=\"font-size:30px;\"><i class=\"fal fa-chevron-down\"><\/i><\/div><div class=\"w-iconbox-meta\"><\/div><\/div><\/div><\/div><\/div><\/div><\/div><\/section><section class=\"l-section wpb_row height_huge with_img\"><div class=\"l-section-img\" role=\"img\" aria-label=\"Clos Gu\u00e9rin cellar technology and tradition\" data-img-width=\"1920\" data-img-height=\"614\" style=\"background-image: url(https:\/\/www.closguerin.fr\/wp-content\/uploads\/2018\/10\/clos-guerin-cave-technologie-tradition.jpg);background-repeat: no-repeat;\"><\/div><div class=\"l-section-overlay\" style=\"background:rgba(0,0,0,0.33)\"><\/div><div class=\"l-section-h i-cf\"><div class=\"g-cols vc_row via_grid cols_1 laptops-cols_inherit tablets-cols_inherit mobiles-cols_1 valign_top type_default stacking_default\"><div class=\"wpb_column vc_column_container\"><div class=\"vc_column-inner\"><div class=\"w-separator size_custom\" style=\"height:150px\"><\/div><\/div><\/div><\/div><\/div><\/section><section class=\"l-section wpb_row vc_hidden-sm vc_hidden-xs height_large\"><div class=\"l-section-h i-cf\"><div class=\"g-cols vc_row via_grid cols_1 laptops-cols_inherit tablets-cols_inherit mobiles-cols_1 valign_middle type_default stacking_default\"><div class=\"wpb_column vc_column_container\"><div class=\"vc_column-inner\"><div class=\"g-cols wpb_row via_grid cols_2 laptops-cols_inherit tablets-cols_inherit mobiles-cols_1 valign_top type_boxes stacking_default\" style=\"--columns-gap:0;\"><div class=\"wpb_column vc_column_container us_custom_28f058a1 has_bg_color\"><div class=\"vc_column-inner\"><\/div><\/div><div class=\"wpb_column vc_column_container us_custom_0d15be52 has_bg_color\"><div class=\"vc_column-inner\">[vc_custom_heading text=&#8221;Skill and style&#8221; use_theme_fonts=&#8221;yes&#8221;]<div class=\"wpb_text_column\"><div class=\"wpb_wrapper\"><\/p>\n<p class=\"txtjustify\">Thus, either in the cellar or in the bottle storehouse, the objective of a stable temperature throughout the year, which is favourable to wine maturing and ageing, has been achieved. A reversible cooling unit with centralized checking of temperatures ensures the maintenance of optimum conditions, vat by vat, throughout the whole fermentation process.<\/p>\n<\/p>\n<p class=\"txtjustify\">The vat house entirely made of stainless steel is equipped with superposed compartments facilitating gravity delestage operations. Those, completed by pigeages carried out with passion, build the character of our wines, allowing powerful aromatic extractions.<\/p><\/p>\n<\/div><\/div><\/div><\/div><\/div><\/div><\/div><\/div><\/div><\/section><section class=\"l-section wpb_row vc_hidden-lg vc_hidden-md height_medium\"><div class=\"l-section-h i-cf\"><div class=\"g-cols vc_row via_grid cols_1 laptops-cols_inherit tablets-cols_inherit mobiles-cols_1 valign_middle type_default stacking_default\"><div class=\"wpb_column vc_column_container\"><div class=\"vc_column-inner\"><div class=\"w-image align_center\"><div class=\"w-image-h\"><img decoding=\"async\" width=\"1140\" height=\"760\" src=\"https:\/\/www.closguerin.fr\/wp-content\/uploads\/2018\/10\/clos-guerin-cuve-inox-vin-1200x800.jpg\" class=\"attachment-large size-large\" alt=\"Vat house in stainless steel\" loading=\"lazy\" srcset=\"https:\/\/www.closguerin.fr\/wp-content\/uploads\/2018\/10\/clos-guerin-cuve-inox-vin-1200x800.jpg 1200w, https:\/\/www.closguerin.fr\/wp-content\/uploads\/2018\/10\/clos-guerin-cuve-inox-vin-510x340.jpg 510w, https:\/\/www.closguerin.fr\/wp-content\/uploads\/2018\/10\/clos-guerin-cuve-inox-vin-600x400.jpg 600w, https:\/\/www.closguerin.fr\/wp-content\/uploads\/2018\/10\/clos-guerin-cuve-inox-vin-500x333.jpg 500w, https:\/\/www.closguerin.fr\/wp-content\/uploads\/2018\/10\/clos-guerin-cuve-inox-vin.jpg 1920w\" sizes=\"auto, (max-width: 1140px) 100vw, 1140px\" \/><\/div><\/div><div class=\"g-cols wpb_row via_grid cols_1 laptops-cols_inherit tablets-cols_inherit mobiles-cols_1 valign_top type_boxes stacking_default\" style=\"--columns-gap:3rem;\"><div class=\"wpb_column vc_column_container us_custom_2c0048a0\"><div class=\"vc_column-inner\">[vc_custom_heading text=&#8221;Skill and style&#8221; use_theme_fonts=&#8221;yes&#8221;]<div class=\"wpb_text_column\"><div class=\"wpb_wrapper\"><\/p>\n<p class=\"txtjustify\">Thus, either in the cellar or in the bottle storehouse, the objective of a stable temperature throughout the year, which is favourable to wine maturing and ageing, has been achieved. A reversible cooling unit with centralized checking of temperatures ensures the maintenance of optimum conditions, vat by vat, throughout the whole fermentation process.<\/p>\n<\/p>\n<p class=\"txtjustify\">The vat house entirely made of stainless steel is equipped with superposed compartments facilitating gravity delestage operations. Those, completed by pigeages carried out with passion, build the character of our wines, allowing powerful aromatic extractions.<\/p><\/p>\n<\/div><\/div><\/div><\/div><\/div><\/div><\/div><\/div><\/div><\/section><section class=\"l-section wpb_row height_medium with_img\"><div class=\"l-section-img\" role=\"img\" aria-label=\"Strict monitoring and checking of wines\" data-img-width=\"1920\" data-img-height=\"1280\" style=\"background-image: url(https:\/\/www.closguerin.fr\/wp-content\/uploads\/2018\/10\/clos-guerin-suivi-controle-vins.jpeg);\"><\/div><div class=\"l-section-h i-cf\"><div class=\"g-cols vc_row via_grid cols_1 laptops-cols_inherit tablets-cols_inherit mobiles-cols_1 valign_middle type_default stacking_default\"><div class=\"wpb_column vc_column_container\"><div class=\"vc_column-inner\"><div class=\"g-cols wpb_row us_custom_923d4258 via_grid cols_2 laptops-cols_inherit tablets-cols_inherit mobiles-cols_1 valign_top type_boxes stacking_default\" style=\"--columns-gap:0;\"><div class=\"wpb_column vc_column_container\"><div class=\"vc_column-inner\">[vc_custom_heading text=&#8221;Highly matured&#8221; use_theme_fonts=&#8221;yes&#8221;]<div class=\"wpb_text_column\"><div class=\"wpb_wrapper\"><\/p>\n<p class=\"txtjustify\">The wines are strictly checked and monitored by our oenologist, the only Master on the cellar, responsible for the quality and excellence of the blending carried out. Our commitment: reduce to a minimum the use of sulphite, focusing on the sanitary state of the crop, on hygiene in the cellar and in inerting.<\/p><\/p>\n<\/div><\/div><\/div><\/div><div class=\"wpb_column vc_column_container\"><div class=\"vc_column-inner\"><div class=\"wpb_text_column\"><div class=\"wpb_wrapper\"><\/p>\n<p class=\"txtjustify\">During the maturating process, the wines are preserved under an atmosphere of protective nitrogen, preventing any physicochemical alteration or bacterial development. This inerting is maintained until final conditioning when the natural cork stopper becomes the ultimate guardian in charge of preserving the precious nectar developed in the cellar, while providing the minimum amount of oxygen required for the ageing of wines.<\/p><\/p>\n<\/div><\/div><\/div><\/div><\/div><\/div><\/div><\/div><\/div><\/section><section class=\"l-section wpb_row vc_hidden-sm vc_hidden-xs height_large\"><div class=\"l-section-h i-cf\"><div class=\"g-cols vc_row via_grid cols_1 laptops-cols_inherit tablets-cols_inherit mobiles-cols_1 valign_middle type_default stacking_default\"><div class=\"wpb_column vc_column_container\"><div class=\"vc_column-inner\"><div class=\"g-cols wpb_row via_grid cols_2 laptops-cols_inherit tablets-cols_inherit mobiles-cols_1 valign_top type_boxes stacking_default\" style=\"--columns-gap:0;\"><div class=\"wpb_column vc_column_container us_custom_0d15be52 has_bg_color\"><div class=\"vc_column-inner\">[vc_custom_heading text=&#8221;The best in class&#8221; use_theme_fonts=&#8221;yes&#8221; css=&#8221;%7B%22default%22%3A%7B%22padding-top%22%3A%222rem%22%7D%7D&#8221;]<div class=\"wpb_text_column us_custom_4c77c721\"><div class=\"wpb_wrapper\"><\/p>\n<p class=\"txtjustify\">For our long-keeping wines, and only for the vintages that deserve it, a stay is required in oak barrels with moderating heating. The crucial step develops the Quintessence: a structured and top-of-the-range product designed for connoisseurs in C\u00f4tes du Rh\u00f4ne and to the demanding amateurs in search of authenticity.<\/p><\/p>\n<\/div><\/div><\/div><\/div><div class=\"wpb_column vc_column_container us_custom_8fb55274 has_bg_color\"><div class=\"vc_column-inner\"><\/div><\/div><\/div><\/div><\/div><\/div><\/div><\/section><section class=\"l-section wpb_row vc_hidden-lg vc_hidden-md height_medium\"><div class=\"l-section-h i-cf\"><div class=\"g-cols vc_row via_grid cols_1 laptops-cols_inherit tablets-cols_inherit mobiles-cols_1 valign_top type_default stacking_default\"><div class=\"wpb_column vc_column_container\"><div class=\"vc_column-inner\"><div class=\"w-image align_center\"><div class=\"w-image-h\"><img decoding=\"async\" width=\"1140\" height=\"760\" src=\"https:\/\/www.closguerin.fr\/wp-content\/uploads\/2018\/10\/clos-guerin-vieillissement-cuvee-haut-de-gamme-barrique-1200x800.jpeg\" class=\"attachment-large size-large\" alt=\"Top-range vintage ageing in oak barrel\" loading=\"lazy\" srcset=\"https:\/\/www.closguerin.fr\/wp-content\/uploads\/2018\/10\/clos-guerin-vieillissement-cuvee-haut-de-gamme-barrique-1200x800.jpeg 1200w, https:\/\/www.closguerin.fr\/wp-content\/uploads\/2018\/10\/clos-guerin-vieillissement-cuvee-haut-de-gamme-barrique-510x340.jpeg 510w, https:\/\/www.closguerin.fr\/wp-content\/uploads\/2018\/10\/clos-guerin-vieillissement-cuvee-haut-de-gamme-barrique-600x400.jpeg 600w, https:\/\/www.closguerin.fr\/wp-content\/uploads\/2018\/10\/clos-guerin-vieillissement-cuvee-haut-de-gamme-barrique-500x333.jpeg 500w, https:\/\/www.closguerin.fr\/wp-content\/uploads\/2018\/10\/clos-guerin-vieillissement-cuvee-haut-de-gamme-barrique.jpeg 1920w\" sizes=\"auto, (max-width: 1140px) 100vw, 1140px\" \/><\/div><\/div><div class=\"g-cols wpb_row via_grid cols_1 laptops-cols_inherit tablets-cols_inherit mobiles-cols_1 valign_top type_boxes stacking_default\" style=\"--columns-gap:3rem;\"><div class=\"wpb_column vc_column_container us_custom_ba8c4066\"><div class=\"vc_column-inner\">[vc_custom_heading text=&#8221;The best in class&#8221; use_theme_fonts=&#8221;yes&#8221; css=&#8221;.vc_custom_1577470364040{padding-top: 5% !important;}&#8221;]<div class=\"wpb_text_column us_custom_6e996172\"><div class=\"wpb_wrapper\"><\/p>\n<p class=\"txtjustify\">For our long-keeping wines, and only for the vintages that deserve it, a stay is required in oak barrels with moderating heating. The crucial step develops the Quintessence: a structured and top-of-the-range product designed for connoisseurs in C\u00f4tes du Rh\u00f4ne and to the demanding amateurs in search of authenticity.<\/p><\/p>\n<\/div><\/div><\/div><\/div><\/div><\/div><\/div><\/div><\/div><\/section>\n","protected":false},"excerpt":{"rendered":"[vc_custom_heading text=\"In the cellar, technology embraces&nbsp;tradition\" font_container=\"tag:h1|text_align:left\" use_theme_fonts=\"yes\"] The cellar walls are made of concrete, enclosing a thick layer of stone wool. The same outstanding natural, insulating material is used in \u201crafter sandwich roof panels\u201d supporting the Roman tiles. The tubular framework is inspired by the Polonceau model, widely used in the XIXth century for...","protected":false},"author":4,"featured_media":0,"parent":0,"menu_order":0,"comment_status":"closed","ping_status":"closed","template":"","meta":{"footnotes":""},"class_list":["post-1363","page","type-page","status-publish","hentry"],"yoast_head":"<!-- This site is optimized with the Yoast SEO plugin v25.9 - https:\/\/yoast.com\/wordpress\/plugins\/seo\/ -->\n<title>The cellar, between technology and tradition \u2013 Clos Gu\u00e9rin<\/title>\n<meta name=\"description\" content=\"Our wines are matured in stainless steel vats and aged in oak barrels. Our commitment: stable temperature, strict monitoring and high hygiene standards.\" \/>\n<meta name=\"robots\" content=\"index, follow, max-snippet:-1, max-image-preview:large, max-video-preview:-1\" \/>\n<link rel=\"canonical\" href=\"https:\/\/www.closguerin.fr\/en\/cellar\" \/>\n<meta property=\"og:locale\" content=\"en_US\" \/>\n<meta property=\"og:type\" content=\"article\" \/>\n<meta property=\"og:title\" content=\"The cellar, between technology and tradition \u2013 Clos Gu\u00e9rin\" \/>\n<meta property=\"og:description\" content=\"Our wines are matured in stainless steel vats and aged in oak barrels. Our commitment: stable temperature, strict monitoring and high hygiene standards.\" \/>\n<meta property=\"og:url\" content=\"https:\/\/www.closguerin.fr\/en\/cellar\" \/>\n<meta property=\"og:site_name\" content=\"Clos Gu\u00e9rin\" \/>\n<meta property=\"article:modified_time\" content=\"2025-09-14T18:02:59+00:00\" \/>\n<meta name=\"twitter:card\" content=\"summary_large_image\" \/>\n<meta name=\"twitter:label1\" content=\"Est. reading time\" \/>\n\t<meta name=\"twitter:data1\" content=\"4 minutes\" \/>\n<script type=\"application\/ld+json\" class=\"yoast-schema-graph\">{\"@context\":\"https:\/\/schema.org\",\"@graph\":[{\"@type\":\"WebPage\",\"@id\":\"https:\/\/www.closguerin.fr\/en\/cellar\",\"url\":\"https:\/\/www.closguerin.fr\/en\/cellar\",\"name\":\"The cellar, between technology and tradition \u2013 Clos Gu\u00e9rin\",\"isPartOf\":{\"@id\":\"https:\/\/www.closguerin.fr\/#website\"},\"datePublished\":\"2019-03-12T09:28:24+00:00\",\"dateModified\":\"2025-09-14T18:02:59+00:00\",\"description\":\"Our wines are matured in stainless steel vats and aged in oak barrels. Our commitment: stable temperature, strict monitoring and high hygiene standards.\",\"breadcrumb\":{\"@id\":\"https:\/\/www.closguerin.fr\/en\/cellar#breadcrumb\"},\"inLanguage\":\"en-US\",\"potentialAction\":[{\"@type\":\"ReadAction\",\"target\":[\"https:\/\/www.closguerin.fr\/en\/cellar\"]}]},{\"@type\":\"BreadcrumbList\",\"@id\":\"https:\/\/www.closguerin.fr\/en\/cellar#breadcrumb\",\"itemListElement\":[{\"@type\":\"ListItem\",\"position\":1,\"name\":\"Home\",\"item\":\"https:\/\/www.closguerin.fr\/en\/home\"},{\"@type\":\"ListItem\",\"position\":2,\"name\":\"Cellar\"}]},{\"@type\":\"WebSite\",\"@id\":\"https:\/\/www.closguerin.fr\/#website\",\"url\":\"https:\/\/www.closguerin.fr\/\",\"name\":\"Clos Gu\u00e9rin\",\"description\":\"Artisan Vigneron en C\u00f4tes du Rh\u00f4ne Villages\",\"potentialAction\":[{\"@type\":\"SearchAction\",\"target\":{\"@type\":\"EntryPoint\",\"urlTemplate\":\"https:\/\/www.closguerin.fr\/?s={search_term_string}\"},\"query-input\":{\"@type\":\"PropertyValueSpecification\",\"valueRequired\":true,\"valueName\":\"search_term_string\"}}],\"inLanguage\":\"en-US\"}]}<\/script>\n<!-- \/ Yoast SEO plugin. -->","yoast_head_json":{"title":"The cellar, between technology and tradition \u2013 Clos Gu\u00e9rin","description":"Our wines are matured in stainless steel vats and aged in oak barrels. Our commitment: stable temperature, strict monitoring and high hygiene standards.","robots":{"index":"index","follow":"follow","max-snippet":"max-snippet:-1","max-image-preview":"max-image-preview:large","max-video-preview":"max-video-preview:-1"},"canonical":"https:\/\/www.closguerin.fr\/en\/cellar","og_locale":"en_US","og_type":"article","og_title":"The cellar, between technology and tradition \u2013 Clos Gu\u00e9rin","og_description":"Our wines are matured in stainless steel vats and aged in oak barrels. Our commitment: stable temperature, strict monitoring and high hygiene standards.","og_url":"https:\/\/www.closguerin.fr\/en\/cellar","og_site_name":"Clos Gu\u00e9rin","article_modified_time":"2025-09-14T18:02:59+00:00","twitter_card":"summary_large_image","twitter_misc":{"Est. reading time":"4 minutes"},"schema":{"@context":"https:\/\/schema.org","@graph":[{"@type":"WebPage","@id":"https:\/\/www.closguerin.fr\/en\/cellar","url":"https:\/\/www.closguerin.fr\/en\/cellar","name":"The cellar, between technology and tradition \u2013 Clos Gu\u00e9rin","isPartOf":{"@id":"https:\/\/www.closguerin.fr\/#website"},"datePublished":"2019-03-12T09:28:24+00:00","dateModified":"2025-09-14T18:02:59+00:00","description":"Our wines are matured in stainless steel vats and aged in oak barrels. Our commitment: stable temperature, strict monitoring and high hygiene standards.","breadcrumb":{"@id":"https:\/\/www.closguerin.fr\/en\/cellar#breadcrumb"},"inLanguage":"en-US","potentialAction":[{"@type":"ReadAction","target":["https:\/\/www.closguerin.fr\/en\/cellar"]}]},{"@type":"BreadcrumbList","@id":"https:\/\/www.closguerin.fr\/en\/cellar#breadcrumb","itemListElement":[{"@type":"ListItem","position":1,"name":"Home","item":"https:\/\/www.closguerin.fr\/en\/home"},{"@type":"ListItem","position":2,"name":"Cellar"}]},{"@type":"WebSite","@id":"https:\/\/www.closguerin.fr\/#website","url":"https:\/\/www.closguerin.fr\/","name":"Clos Gu\u00e9rin","description":"Artisan Vigneron en C\u00f4tes du Rh\u00f4ne Villages","potentialAction":[{"@type":"SearchAction","target":{"@type":"EntryPoint","urlTemplate":"https:\/\/www.closguerin.fr\/?s={search_term_string}"},"query-input":{"@type":"PropertyValueSpecification","valueRequired":true,"valueName":"search_term_string"}}],"inLanguage":"en-US"}]}},"_links":{"self":[{"href":"https:\/\/www.closguerin.fr\/en\/wp-json\/wp\/v2\/pages\/1363","targetHints":{"allow":["GET"]}}],"collection":[{"href":"https:\/\/www.closguerin.fr\/en\/wp-json\/wp\/v2\/pages"}],"about":[{"href":"https:\/\/www.closguerin.fr\/en\/wp-json\/wp\/v2\/types\/page"}],"author":[{"embeddable":true,"href":"https:\/\/www.closguerin.fr\/en\/wp-json\/wp\/v2\/users\/4"}],"replies":[{"embeddable":true,"href":"https:\/\/www.closguerin.fr\/en\/wp-json\/wp\/v2\/comments?post=1363"}],"version-history":[{"count":29,"href":"https:\/\/www.closguerin.fr\/en\/wp-json\/wp\/v2\/pages\/1363\/revisions"}],"predecessor-version":[{"id":2107,"href":"https:\/\/www.closguerin.fr\/en\/wp-json\/wp\/v2\/pages\/1363\/revisions\/2107"}],"wp:attachment":[{"href":"https:\/\/www.closguerin.fr\/en\/wp-json\/wp\/v2\/media?parent=1363"}],"curies":[{"name":"wp","href":"https:\/\/api.w.org\/{rel}","templated":true}]}}