{"id":1361,"date":"2019-03-12T09:52:10","date_gmt":"2019-03-12T08:52:10","guid":{"rendered":"https:\/\/www.closguerin.fr\/vineyard"},"modified":"2025-09-14T20:01:05","modified_gmt":"2025-09-14T18:01:05","slug":"vineyard","status":"publish","type":"page","link":"https:\/\/www.closguerin.fr\/en\/vineyard","title":{"rendered":"Vineyard"},"content":{"rendered":"<section class=\"l-section wpb_row us_custom_af8c650b height_small width_full\"><div class=\"l-section-h i-cf\"><div class=\"g-cols vc_row via_grid cols_1 laptops-cols_inherit tablets-cols_inherit mobiles-cols_1 valign_middle type_default stacking_default\"><div class=\"wpb_column vc_column_container\"><div class=\"vc_column-inner\"><div class=\"g-cols wpb_row us_custom_a1b3ed74 via_grid cols_2 laptops-cols_inherit tablets-cols_inherit mobiles-cols_1 valign_middle type_default stacking_default\" style=\"--columns-gap:4rem;\"><div class=\"wpb_column vc_column_container\"><div class=\"vc_column-inner\">[vc_custom_heading text=&#8221;A vineyard in<br \/>its natural surroundings&#8221; font_container=&#8221;tag:h1|text_align:left&#8221; use_theme_fonts=&#8221;yes&#8221;]<div class=\"wpb_text_column\"><div class=\"wpb_wrapper\"><\/p>\n<hr class=\"titleline\" \/>\n<\/div><\/div><\/div><\/div><div class=\"wpb_column vc_column_container\"><div class=\"vc_column-inner\"><div class=\"wpb_text_column\"><div class=\"wpb_wrapper\"><\/p>\n<p class=\"txtjustify\">The plots bordered by hedges of cypress trees vainly trying to calm the Mistral and by groves of holm oak to maintain biodiversity, are mostly North-South oriented. In addition to the search for the best sunlight for the plant, here, it is first of all necessary to protect the paling from the wind, otherwise it would soon look like the inclined pine trees bordering our meridional roads.<\/p><\/p>\n<\/div><\/div><div class=\"cl-review type_quote layout_modern testimon\"><div class=\"cl-review-quote\"><div class=\"cl-review-quote-text\"><div class=\"cl-review-icon\"><\/div><q>Generous amounts of sunshine allow the grapes to ripen perfectly.<\/q><\/div><div class=\"cl-review-author\"><span class=\"cl-review-author-name\">Christian Gu\u00e9rin<\/span><span class=\"cl-review-author-occupation\">Winegrower<\/span><\/div><\/div><\/div><\/div><\/div><\/div><div class=\"ult-animation  ult-no-mobile \" data-animate=\"fadeInDown\" data-animation-delay=\"0\" data-animation-duration=\"3\" data-animation-iteration=\"100\" style=\"\" ><div class=\"w-iconbox iconpos_top style_default color_secondary align_center no_text no_title\"><div class=\"w-iconbox-icon\" style=\"font-size:30px;\"><i class=\"fal fa-chevron-down\"><\/i><\/div><div class=\"w-iconbox-meta\"><\/div><\/div><\/div><\/div><\/div><\/div><\/div><\/section><section class=\"l-section wpb_row height_huge with_img\"><div class=\"l-section-img\" role=\"img\" aria-label=\"Vignoble int\u00e9gr\u00e9 dans un cadre naturel\" data-img-width=\"1920\" data-img-height=\"574\" style=\"background-image: url(https:\/\/www.closguerin.fr\/wp-content\/uploads\/2019\/02\/clos-guerin-vignoble-plantier-cadre-naturel.jpg);\"><\/div><div class=\"l-section-h i-cf\"><div class=\"g-cols vc_row via_grid cols_1 laptops-cols_inherit tablets-cols_inherit mobiles-cols_1 valign_top type_default stacking_default\"><div class=\"wpb_column vc_column_container\"><div class=\"vc_column-inner\"><div class=\"w-separator size_custom\" style=\"height:150px\"><\/div><\/div><\/div><\/div><\/div><\/section><section class=\"l-section wpb_row vc_hidden-sm vc_hidden-xs height_large\"><div class=\"l-section-h i-cf\"><div class=\"g-cols vc_row via_grid cols_1 laptops-cols_inherit tablets-cols_inherit mobiles-cols_1 valign_middle type_default stacking_default\"><div class=\"wpb_column vc_column_container\"><div class=\"vc_column-inner\"><div class=\"g-cols wpb_row via_grid cols_2 laptops-cols_inherit tablets-cols_inherit mobiles-cols_1 valign_middle type_boxes stacking_default\" style=\"--columns-gap:0;\"><div class=\"wpb_column vc_column_container us_custom_7e96e724 has_bg_color\"><div class=\"vc_column-inner\"><\/div><\/div><div class=\"wpb_column vc_column_container us_custom_0d15be52 has_bg_color\"><div class=\"vc_column-inner\">[vc_custom_heading text=&#8221;Fruit of a beautiful diversity&#8221; use_theme_fonts=&#8221;yes&#8221;]<div class=\"wpb_text_column\"><div class=\"wpb_wrapper\"><\/p>\n<p class=\"txtjustify\">The Clos Gu\u00e9rin, stretching over fifteen hectares, twelve of which being vines, is mainly co-planted with grenache, syrah, cinsault and mourv\u00e8dre, traditional vine plants of the C\u00f4tes du Rh\u00f4ne AOC. The average age of the vineyard is about 20 years, but some plots are more than half a century old!<\/p>\n<\/p>\n<p class=\"txtjustify\">The roots of newly grafted plants, taking the place of too old vine plants, astonishingly manage to clear a way between the huge ovalized boulders and the scandy reddish clayey earth that supports them, trying to find in the depth the water necessary for their growing.<\/p><\/p>\n<\/div><\/div><\/div><\/div><\/div><div class=\"g-cols wpb_row via_grid cols_2 laptops-cols_inherit tablets-cols_inherit mobiles-cols_1 valign_top type_boxes stacking_default\" style=\"--columns-gap:0;\"><div class=\"wpb_column vc_column_container us_custom_0d15be52 has_bg_color\"><div class=\"vc_column-inner\">[vc_custom_heading text=&#8221;Cradle of a true ecosystem&#8221; use_theme_fonts=&#8221;yes&#8221;]<div class=\"wpb_text_column\"><div class=\"wpb_wrapper\"><\/p>\n<p class=\"txtjustify\">In keeping with our regard for Nature, the vineyard has been cultivated, since 2017, according to the demands of biological agriculture. At the Clos Gu\u00e9rin, we prefer the working of the soil to the use of pesticides, noxious to biodiversity. As concerns the plant, contact leaf treatments have destroyed any systemic matter liable to corrupt the aromas of the grapes.<\/p>\n<\/p>\n<p class=\"txtjustify\">As we are convinced of the necessity of giving back to wine its self-defense ability, removed by the use of artificial adjuvants for half a century, we prefer the use of natural stimulants like sweet orange essential oil.<\/p><\/p>\n<\/div><\/div><\/div><\/div><div class=\"wpb_column vc_column_container us_custom_0b0921b9 has_bg_color\"><div class=\"vc_column-inner\"><\/div><\/div><\/div><\/div><\/div><\/div><\/div><\/section><section class=\"l-section wpb_row vc_hidden-lg vc_hidden-md height_medium\"><div class=\"l-section-h i-cf\"><div class=\"g-cols vc_row via_grid cols_1 laptops-cols_inherit tablets-cols_inherit mobiles-cols_1 valign_top type_default stacking_default\"><div class=\"wpb_column vc_column_container\"><div class=\"vc_column-inner\"><div class=\"w-image align_center\"><div class=\"w-image-h\"><img decoding=\"async\" width=\"1140\" height=\"760\" src=\"https:\/\/www.closguerin.fr\/wp-content\/uploads\/2018\/10\/clos-guerin-cep-galets-cotes-du-rhone-1200x800.jpeg\" class=\"attachment-large size-large\" alt=\"Vine and pebbles C\u00f4tes du Rh\u00f4ne\" loading=\"lazy\" srcset=\"https:\/\/www.closguerin.fr\/wp-content\/uploads\/2018\/10\/clos-guerin-cep-galets-cotes-du-rhone-1200x800.jpeg 1200w, https:\/\/www.closguerin.fr\/wp-content\/uploads\/2018\/10\/clos-guerin-cep-galets-cotes-du-rhone-510x340.jpeg 510w, https:\/\/www.closguerin.fr\/wp-content\/uploads\/2018\/10\/clos-guerin-cep-galets-cotes-du-rhone-600x400.jpeg 600w, https:\/\/www.closguerin.fr\/wp-content\/uploads\/2018\/10\/clos-guerin-cep-galets-cotes-du-rhone-500x333.jpeg 500w, https:\/\/www.closguerin.fr\/wp-content\/uploads\/2018\/10\/clos-guerin-cep-galets-cotes-du-rhone.jpeg 1920w\" sizes=\"auto, (max-width: 1140px) 100vw, 1140px\" \/><\/div><\/div><div class=\"g-cols wpb_row us_custom_12f10c49 via_grid cols_1 laptops-cols_inherit tablets-cols_inherit mobiles-cols_1 valign_middle type_boxes stacking_default\" style=\"--columns-gap:3rem;\"><div class=\"wpb_column vc_column_container us_custom_e491a223\"><div class=\"vc_column-inner\">[vc_custom_heading text=&#8221;Fruit of a beautiful diversity&#8221; use_theme_fonts=&#8221;yes&#8221;]<div class=\"wpb_text_column\"><div class=\"wpb_wrapper\"><\/p>\n<p class=\"txtjustify\">The Clos Gu\u00e9rin, stretching over fifteen hectares, twelve of which being vines, is mainly co-planted with grenache, syrah, cinsault and mourv\u00e8dre, traditional vine plants of the C\u00f4tes du Rh\u00f4ne AOC. The average age of the vineyard is about 20 years, but some plots are more than half a century old!<\/p>\n<\/p>\n<p class=\"txtjustify\">The roots of newly grafted plants, taking the place of too old vine plants, astonishingly manage to clear a way between the huge ovalized boulders and the scandy reddish clayey earth that supports them, trying to find in the depth the water necessary for their growing.<\/p><\/p>\n<\/div><\/div><\/div><\/div><\/div><div class=\"w-image align_center\"><div class=\"w-image-h\"><img decoding=\"async\" width=\"1140\" height=\"759\" src=\"https:\/\/www.closguerin.fr\/wp-content\/uploads\/2018\/10\/clos-guerin-grappe-vignoble-agriculture-biologique-1202x800.jpeg\" class=\"attachment-large size-large\" alt=\"Organically grown grapes\" loading=\"lazy\" srcset=\"https:\/\/www.closguerin.fr\/wp-content\/uploads\/2018\/10\/clos-guerin-grappe-vignoble-agriculture-biologique-1202x800.jpeg 1202w, https:\/\/www.closguerin.fr\/wp-content\/uploads\/2018\/10\/clos-guerin-grappe-vignoble-agriculture-biologique-510x339.jpeg 510w, https:\/\/www.closguerin.fr\/wp-content\/uploads\/2018\/10\/clos-guerin-grappe-vignoble-agriculture-biologique-601x400.jpeg 601w, https:\/\/www.closguerin.fr\/wp-content\/uploads\/2018\/10\/clos-guerin-grappe-vignoble-agriculture-biologique-500x333.jpeg 500w, https:\/\/www.closguerin.fr\/wp-content\/uploads\/2018\/10\/clos-guerin-grappe-vignoble-agriculture-biologique.jpeg 1920w\" sizes=\"auto, (max-width: 1140px) 100vw, 1140px\" \/><\/div><\/div><div class=\"g-cols wpb_row via_grid cols_1 laptops-cols_inherit tablets-cols_inherit mobiles-cols_1 valign_top type_boxes stacking_default\" style=\"--columns-gap:3rem;\"><div class=\"wpb_column vc_column_container us_custom_7c7bf6f1\"><div class=\"vc_column-inner\">[vc_custom_heading text=&#8221;Cradle of a true ecosystem&#8221; use_theme_fonts=&#8221;yes&#8221;]<div class=\"wpb_text_column\"><div class=\"wpb_wrapper\"><\/p>\n<p class=\"txtjustify\">In keeping with our regard for Nature, the vineyard has been cultivated, since 2017, according to the demands of biological agriculture. At the Clos Gu\u00e9rin, we prefer the working of the soil to the use of pesticides, noxious to biodiversity. As concerns the plant, contact leaf treatments have destroyed any systemic matter liable to corrupt the aromas of the grapes.<\/p>\n<\/p>\n<p class=\"txtjustify\">As we are convinced of the necessity of giving back to wine its self-defense ability, removed by the use of artificial adjuvants for half a century, we prefer the use of natural stimulants like sweet orange essential oil.<\/p><\/p>\n<\/div><\/div><\/div><\/div><\/div><\/div><\/div><\/div><\/div><\/section>\n","protected":false},"excerpt":{"rendered":"[vc_custom_heading text=\"A vineyard inits natural surroundings\" font_container=\"tag:h1|text_align:left\" use_theme_fonts=\"yes\"] The plots bordered by hedges of cypress trees vainly trying to calm the Mistral and by groves of holm oak to maintain biodiversity, are mostly North-South oriented. In addition to the search for the best sunlight for the plant, here, it is first of all necessary to...","protected":false},"author":4,"featured_media":0,"parent":0,"menu_order":0,"comment_status":"closed","ping_status":"closed","template":"","meta":{"footnotes":""},"class_list":["post-1361","page","type-page","status-publish","hentry"],"yoast_head":"<!-- This site is optimized with the Yoast SEO plugin v25.9 - https:\/\/yoast.com\/wordpress\/plugins\/seo\/ -->\n<title>A vineyard in its natural surroundings \u2013 Clos Gu\u00e9rin<\/title>\n<meta name=\"description\" content=\"Committed to protecting the environment, we promote biodiversity and cultivate the vineyard according to organic agriculture requirements.\" \/>\n<meta name=\"robots\" content=\"index, follow, max-snippet:-1, max-image-preview:large, max-video-preview:-1\" \/>\n<link rel=\"canonical\" href=\"https:\/\/www.closguerin.fr\/en\/vineyard\" \/>\n<meta property=\"og:locale\" content=\"en_US\" \/>\n<meta property=\"og:type\" content=\"article\" \/>\n<meta property=\"og:title\" content=\"A vineyard in its natural surroundings \u2013 Clos Gu\u00e9rin\" \/>\n<meta property=\"og:description\" content=\"Committed to protecting the environment, we promote biodiversity and cultivate the vineyard according to organic agriculture requirements.\" \/>\n<meta property=\"og:url\" content=\"https:\/\/www.closguerin.fr\/en\/vineyard\" \/>\n<meta property=\"og:site_name\" content=\"Clos Gu\u00e9rin\" \/>\n<meta property=\"article:modified_time\" content=\"2025-09-14T18:01:05+00:00\" \/>\n<meta name=\"twitter:card\" content=\"summary_large_image\" \/>\n<meta name=\"twitter:label1\" content=\"Est. reading time\" \/>\n\t<meta name=\"twitter:data1\" content=\"3 minutes\" \/>\n<script type=\"application\/ld+json\" class=\"yoast-schema-graph\">{\"@context\":\"https:\/\/schema.org\",\"@graph\":[{\"@type\":\"WebPage\",\"@id\":\"https:\/\/www.closguerin.fr\/en\/vineyard\",\"url\":\"https:\/\/www.closguerin.fr\/en\/vineyard\",\"name\":\"A vineyard in its natural surroundings \u2013 Clos Gu\u00e9rin\",\"isPartOf\":{\"@id\":\"https:\/\/www.closguerin.fr\/#website\"},\"datePublished\":\"2019-03-12T08:52:10+00:00\",\"dateModified\":\"2025-09-14T18:01:05+00:00\",\"description\":\"Committed to protecting the environment, we promote biodiversity and cultivate the vineyard according to organic agriculture requirements.\",\"breadcrumb\":{\"@id\":\"https:\/\/www.closguerin.fr\/en\/vineyard#breadcrumb\"},\"inLanguage\":\"en-US\",\"potentialAction\":[{\"@type\":\"ReadAction\",\"target\":[\"https:\/\/www.closguerin.fr\/en\/vineyard\"]}]},{\"@type\":\"BreadcrumbList\",\"@id\":\"https:\/\/www.closguerin.fr\/en\/vineyard#breadcrumb\",\"itemListElement\":[{\"@type\":\"ListItem\",\"position\":1,\"name\":\"Home\",\"item\":\"https:\/\/www.closguerin.fr\/en\/home\"},{\"@type\":\"ListItem\",\"position\":2,\"name\":\"Vineyard\"}]},{\"@type\":\"WebSite\",\"@id\":\"https:\/\/www.closguerin.fr\/#website\",\"url\":\"https:\/\/www.closguerin.fr\/\",\"name\":\"Clos Gu\u00e9rin\",\"description\":\"Artisan Vigneron en C\u00f4tes du Rh\u00f4ne Villages\",\"potentialAction\":[{\"@type\":\"SearchAction\",\"target\":{\"@type\":\"EntryPoint\",\"urlTemplate\":\"https:\/\/www.closguerin.fr\/?s={search_term_string}\"},\"query-input\":{\"@type\":\"PropertyValueSpecification\",\"valueRequired\":true,\"valueName\":\"search_term_string\"}}],\"inLanguage\":\"en-US\"}]}<\/script>\n<!-- \/ Yoast SEO plugin. -->","yoast_head_json":{"title":"A vineyard in its natural surroundings \u2013 Clos Gu\u00e9rin","description":"Committed to protecting the environment, we promote biodiversity and cultivate the vineyard according to organic agriculture requirements.","robots":{"index":"index","follow":"follow","max-snippet":"max-snippet:-1","max-image-preview":"max-image-preview:large","max-video-preview":"max-video-preview:-1"},"canonical":"https:\/\/www.closguerin.fr\/en\/vineyard","og_locale":"en_US","og_type":"article","og_title":"A vineyard in its natural surroundings \u2013 Clos Gu\u00e9rin","og_description":"Committed to protecting the environment, we promote biodiversity and cultivate the vineyard according to organic agriculture requirements.","og_url":"https:\/\/www.closguerin.fr\/en\/vineyard","og_site_name":"Clos Gu\u00e9rin","article_modified_time":"2025-09-14T18:01:05+00:00","twitter_card":"summary_large_image","twitter_misc":{"Est. reading time":"3 minutes"},"schema":{"@context":"https:\/\/schema.org","@graph":[{"@type":"WebPage","@id":"https:\/\/www.closguerin.fr\/en\/vineyard","url":"https:\/\/www.closguerin.fr\/en\/vineyard","name":"A vineyard in its natural surroundings \u2013 Clos Gu\u00e9rin","isPartOf":{"@id":"https:\/\/www.closguerin.fr\/#website"},"datePublished":"2019-03-12T08:52:10+00:00","dateModified":"2025-09-14T18:01:05+00:00","description":"Committed to protecting the environment, we promote biodiversity and cultivate the vineyard according to organic agriculture requirements.","breadcrumb":{"@id":"https:\/\/www.closguerin.fr\/en\/vineyard#breadcrumb"},"inLanguage":"en-US","potentialAction":[{"@type":"ReadAction","target":["https:\/\/www.closguerin.fr\/en\/vineyard"]}]},{"@type":"BreadcrumbList","@id":"https:\/\/www.closguerin.fr\/en\/vineyard#breadcrumb","itemListElement":[{"@type":"ListItem","position":1,"name":"Home","item":"https:\/\/www.closguerin.fr\/en\/home"},{"@type":"ListItem","position":2,"name":"Vineyard"}]},{"@type":"WebSite","@id":"https:\/\/www.closguerin.fr\/#website","url":"https:\/\/www.closguerin.fr\/","name":"Clos Gu\u00e9rin","description":"Artisan Vigneron en C\u00f4tes du Rh\u00f4ne Villages","potentialAction":[{"@type":"SearchAction","target":{"@type":"EntryPoint","urlTemplate":"https:\/\/www.closguerin.fr\/?s={search_term_string}"},"query-input":{"@type":"PropertyValueSpecification","valueRequired":true,"valueName":"search_term_string"}}],"inLanguage":"en-US"}]}},"_links":{"self":[{"href":"https:\/\/www.closguerin.fr\/en\/wp-json\/wp\/v2\/pages\/1361","targetHints":{"allow":["GET"]}}],"collection":[{"href":"https:\/\/www.closguerin.fr\/en\/wp-json\/wp\/v2\/pages"}],"about":[{"href":"https:\/\/www.closguerin.fr\/en\/wp-json\/wp\/v2\/types\/page"}],"author":[{"embeddable":true,"href":"https:\/\/www.closguerin.fr\/en\/wp-json\/wp\/v2\/users\/4"}],"replies":[{"embeddable":true,"href":"https:\/\/www.closguerin.fr\/en\/wp-json\/wp\/v2\/comments?post=1361"}],"version-history":[{"count":31,"href":"https:\/\/www.closguerin.fr\/en\/wp-json\/wp\/v2\/pages\/1361\/revisions"}],"predecessor-version":[{"id":2106,"href":"https:\/\/www.closguerin.fr\/en\/wp-json\/wp\/v2\/pages\/1361\/revisions\/2106"}],"wp:attachment":[{"href":"https:\/\/www.closguerin.fr\/en\/wp-json\/wp\/v2\/media?parent=1361"}],"curies":[{"name":"wp","href":"https:\/\/api.w.org\/{rel}","templated":true}]}}